{"id":2262,"date":"2022-05-20T13:22:32","date_gmt":"2022-05-20T13:22:32","guid":{"rendered":"https:\/\/varitech-development.com\/?page_id=2262"},"modified":"2022-05-23T07:41:52","modified_gmt":"2022-05-23T07:41:52","slug":"privacy-policy","status":"publish","type":"page","link":"http:\/\/varitech-development.com\/fr\/privacy-policy","title":{"rendered":"Politique de confidentialit\u00e9"},"content":{"rendered":"<p>Les donn\u00e9es personnelles ne sont collect\u00e9es sur ce site Web que dans la mesure techniquement n\u00e9cessaire.<\/p>\n<p>&nbsp;<\/p>\n<h3>Cookies<\/h3>\n<ul>\n<li>Description et port\u00e9e du traitement des donn\u00e9es<\/li>\n<\/ul>\n<p>Les pages Internet utilisent des soi-disant cookies \u00e0 plusieurs endroits. Ils servent \u00e0 rendre notre offre plus conviviale, plus efficace et plus s\u00fbre. Les cookies sont de petits fichiers texte qui sont stock\u00e9s sur votre ordinateur et enregistr\u00e9s par votre navigateur. La plupart des cookies que nous utilisons sont des \u00ab cookies de session \u00bb, qui sont automatiquement supprim\u00e9s \u00e0 la fin de votre visite. Les cookies ne causent aucun dommage \u00e0 votre ordinateur et ne contiennent pas de virus. Vous pouvez d\u00e9sactiver l'utilisation des cookies dans les param\u00e8tres de votre navigateur.<\/p>\n<ul>\n<li>Legal basis for data processing<\/li>\n<\/ul>\n<p>The legal basis for the processing of personal data using cookies is Article 6 (1) f) DSGVO. The legal basis for the processing of personal data using cookies for analysis purposes is still Art. 6 (1) a) DSGVO if the user has given his consent in this regard.<\/p>\n<ul>\n<li>Purpose of the data processing<\/li>\n<\/ul>\n<p>Technically necessary cookies serve to simplify the use of websites. The user data collected through technically necessary cookies are not used to create user profiles. Analysis cookies are used to improve the quality of the websites and their content. Through the analysis cookies, we learn how the website is used and can constantly optimize our offer.<\/p>\n<ul>\n<li>Duration of storage, possibility of objection and removal<\/li>\n<\/ul>\n<p>Cookies are stored on the user&#8217;s computer and transmitted by it. Therefore, users also have full control over the use of cookies. By changing the settings in your Internet browser, you can disable or restrict the transmission of cookies. Cookies that have already been stored can be deleted at any time. This can also be done automatically. If cookies are deactivated for our website, it may no longer be possible to use all functions of the website in full.<\/p>\n<h3>Contact form and e-mail<\/h3>\n<p>a) Description and scope of data processing<\/p>\n<p>We provide you with a contact form on our website for easy contacting. The data entered in the input mask is transmitted to VariTech and stored. In addition, the user&#8217;s IP address, as well as the date and time of transmission, are stored at the time of submission. Alternatively, it is possible to contact us via the e-mail address provided. In this case, the user&#8217;s personal data transmitted with the e-mail will be stored. The data will not be passed on to third parties. The data will be used exclusively for processing the inquiry.<\/p>\n<p>b) Legal basis for data processing<\/p>\n<p>The legal basis for the processing of the data is Art. 6 (1) a) DSGVO if the user has given his consent. The legal basis for the processing of data transmitted in the course of sending an e-mail is Art. 6 (1) f) DSGVO. If the e-mail contact aims at the conclusion of a contract, the additional legal basis for the processing is Art. 6 para.1 b) DSGVO.<\/p>\n<p>c) Purpose of the data processing<\/p>\n<p>The processing of personal data is solely for the purpose of processing the contact. In the case of contact by e-mail, this also constitutes the necessary legitimate interest in processing the data. The other personal data processed serves to prevent misuse of the contact form and to ensure the security of our information technology systems.<\/p>\n<p>d) Possibility of objection and elimination<\/p>\n<p>The user has the possibility to revoke his consent to the processing of personal data at any time. For this purpose, the User may contact the Controller via the contact options provided on the Website.<\/p>","protected":false},"excerpt":{"rendered":"<p>Personal data is only collected on this website to the extent technically necessary. &nbsp; Cookies Description and scope of data [&hellip;]<\/p>\n","protected":false},"author":1,"featured_media":0,"parent":0,"menu_order":0,"comment_status":"closed","ping_status":"closed","template":"","meta":{"footnotes":""},"class_list":["post-2262","page","type-page","status-publish","hentry"],"_links":{"self":[{"href":"http:\/\/varitech-development.com\/fr\/wp-json\/wp\/v2\/pages\/2262","targetHints":{"allow":["GET"]}}],"collection":[{"href":"http:\/\/varitech-development.com\/fr\/wp-json\/wp\/v2\/pages"}],"about":[{"href":"http:\/\/varitech-development.com\/fr\/wp-json\/wp\/v2\/types\/page"}],"author":[{"embeddable":true,"href":"http:\/\/varitech-development.com\/fr\/wp-json\/wp\/v2\/users\/1"}],"replies":[{"embeddable":true,"href":"http:\/\/varitech-development.com\/fr\/wp-json\/wp\/v2\/comments?post=2262"}],"version-history":[{"count":2,"href":"http:\/\/varitech-development.com\/fr\/wp-json\/wp\/v2\/pages\/2262\/revisions"}],"predecessor-version":[{"id":2301,"href":"http:\/\/varitech-development.com\/fr\/wp-json\/wp\/v2\/pages\/2262\/revisions\/2301"}],"wp:attachment":[{"href":"http:\/\/varitech-development.com\/fr\/wp-json\/wp\/v2\/media?parent=2262"}],"curies":[{"name":"wp","href":"https:\/\/api.w.org\/{rel}","templated":true}]}}