{"id":2452,"date":"2022-06-17T12:59:45","date_gmt":"2022-06-17T12:59:45","guid":{"rendered":"https:\/\/varitech-development.com\/job-dashboard"},"modified":"2022-06-17T12:59:45","modified_gmt":"2022-06-17T12:59:45","slug":"job-dashboard","status":"publish","type":"page","link":"http:\/\/varitech-development.com\/fr\/job-dashboard","title":{"rendered":"Job Dashboard"},"content":{"rendered":"<div id=\"job-manager-job-dashboard\">\n\n\t<p class=\"account-sign-in\">Vous devez \u00eatre connect\u00e9 pour g\u00e9rer vos offres. <a class=\"button\" href=\"http:\/\/varitech-development.com\/wp-login.php?redirect_to=http%3A%2F%2Fvaritech-development.com%2Ffr%2Fjob-dashboard\">Se connecter<\/a><\/p>\n\n<\/div>","protected":false},"excerpt":{"rendered":"","protected":false},"author":1,"featured_media":0,"parent":0,"menu_order":0,"comment_status":"closed","ping_status":"closed","template":"","meta":{"footnotes":""},"class_list":["post-2452","page","type-page","status-publish","hentry"],"_links":{"self":[{"href":"http:\/\/varitech-development.com\/fr\/wp-json\/wp\/v2\/pages\/2452","targetHints":{"allow":["GET"]}}],"collection":[{"href":"http:\/\/varitech-development.com\/fr\/wp-json\/wp\/v2\/pages"}],"about":[{"href":"http:\/\/varitech-development.com\/fr\/wp-json\/wp\/v2\/types\/page"}],"author":[{"embeddable":true,"href":"http:\/\/varitech-development.com\/fr\/wp-json\/wp\/v2\/users\/1"}],"replies":[{"embeddable":true,"href":"http:\/\/varitech-development.com\/fr\/wp-json\/wp\/v2\/comments?post=2452"}],"version-history":[{"count":0,"href":"http:\/\/varitech-development.com\/fr\/wp-json\/wp\/v2\/pages\/2452\/revisions"}],"wp:attachment":[{"href":"http:\/\/varitech-development.com\/fr\/wp-json\/wp\/v2\/media?parent=2452"}],"curies":[{"name":"wp","href":"https:\/\/api.w.org\/{rel}","templated":true}]}}