{"id":28,"date":"2019-10-30T08:05:01","date_gmt":"2019-10-30T08:05:01","guid":{"rendered":"http:\/\/demo.casethemes.net\/contio\/?page_id=28"},"modified":"2022-08-16T07:52:06","modified_gmt":"2022-08-16T07:52:06","slug":"team","status":"publish","type":"page","link":"http:\/\/varitech-development.com\/fr\/team","title":{"rendered":"\u00c9quipe"},"content":{"rendered":"<div data-elementor-type=\"wp-page\" data-elementor-id=\"28\" class=\"elementor elementor-28\">\n\t\t\t\t        <section class=\"elementor-section elementor-top-section elementor-element elementor-element-5ebd4da3 elementor-section-content-middle elementor-section-boxed elementor-section-height-default elementor-section-height-default\" data-id=\"5ebd4da3\" data-element_type=\"section\">\n            \n                        <div class=\"elementor-container elementor-column-gap-extended\">\n                            <div class=\"elementor-row\">\n                    <div class=\"elementor-column elementor-col-50 elementor-top-column elementor-element elementor-element-65bf164f\" data-id=\"65bf164f\" data-element_type=\"column\">\n            <div class=\"elementor-column-wrap elementor-element-populated\">\n                            <div class=\"elementor-widget-wrap\">\n                \t\t<div class=\"elementor-element elementor-element-709c9ff0 elementor-widget elementor-widget-ct_heading\" data-id=\"709c9ff0\" data-element_type=\"widget\" data-widget_type=\"ct_heading.default\">\n\t\t\t\t<div class=\"elementor-widget-container\">\n\t\t\t<div class=\"ct-heading\">\r\n\t\t\t<div class=\"item--sub-title style1 show-line\">\u00c9quipe<\/div>\r\n\t    <h3 class=\"item--title st-default\">\r\n        Nous saurons vous satisfaire par nos id\u00e9es de travaux    <\/h3>\r\n<\/div>\t\t<\/div>\n\t\t\t\t<\/div>\n\t\t                <\/div>\n                    <\/div>\n        <\/div>\n                <div class=\"elementor-column elementor-col-50 elementor-top-column elementor-element elementor-element-565ccd46\" data-id=\"565ccd46\" data-element_type=\"column\">\n            <div class=\"elementor-column-wrap elementor-element-populated\">\n                            <div class=\"elementor-widget-wrap\">\n                \t\t<div class=\"elementor-element elementor-element-4e81685f elementor-widget elementor-widget-text-editor\" data-id=\"4e81685f\" data-element_type=\"widget\" data-widget_type=\"text-editor.default\">\n\t\t\t\t<div class=\"elementor-widget-container\">\n\t\t\t<style>\/*! elementor - v3.19.0 - 26-02-2024 *\/\n.elementor-widget-text-editor.elementor-drop-cap-view-stacked .elementor-drop-cap{background-color:#69727d;color:#fff}.elementor-widget-text-editor.elementor-drop-cap-view-framed .elementor-drop-cap{color:#69727d;border:3px solid;background-color:transparent}.elementor-widget-text-editor:not(.elementor-drop-cap-view-default) .elementor-drop-cap{margin-top:8px}.elementor-widget-text-editor:not(.elementor-drop-cap-view-default) .elementor-drop-cap-letter{width:1em;height:1em}.elementor-widget-text-editor .elementor-drop-cap{float:left;text-align:center;line-height:1;font-size:50px}.elementor-widget-text-editor .elementor-drop-cap-letter{display:inline-block}<\/style>\t\t\t\t<p>Avec une approche agile et un esprit pionnier, nous cr\u00e9ons ensemble des innovations qui g\u00e9n\u00e8rent de l'enthousiasme et des b\u00e9n\u00e9fices pr\u00e9coces. Parmi les membres les plus actifs, nous pouvons vous pr\u00e9senter les personnes suivantes.<\/p>\t\t\t\t\t\t<\/div>\n\t\t\t\t<\/div>\n\t\t                <\/div>\n                    <\/div>\n        <\/div>\n                                <\/div>\n                    <\/div>\n        <\/section>\n                <section class=\"elementor-section elementor-top-section elementor-element elementor-element-7d3ed03 elementor-section-boxed elementor-section-height-default elementor-section-height-default\" data-id=\"7d3ed03\" data-element_type=\"section\">\n            \n                        <div class=\"elementor-container elementor-column-gap-default\">\n                            <div class=\"elementor-row\">\n                    <div class=\"elementor-column elementor-col-100 elementor-top-column elementor-element elementor-element-24b59b7\" data-id=\"24b59b7\" data-element_type=\"column\">\n            <div class=\"elementor-column-wrap elementor-element-populated\">\n                            <div class=\"elementor-widget-wrap\">\n                \t\t<div class=\"elementor-element elementor-element-4c0e557 elementor-widget elementor-widget-ct_team_grid\" data-id=\"4c0e557\" data-element_type=\"widget\" data-widget_type=\"ct_team_grid.default\">\n\t\t\t\t<div class=\"elementor-widget-container\">\n\t\t\t    <div class=\"ct-grid ct-team-grid1\">\r\n        <div class=\"ct-grid-inner ct-grid-masonry row\" data-gutter=\"7\">\r\n                            <div class=\"grid-item col-xl-4 col-lg-4 col-md-6 col-sm-6 col-12\">\r\n                    <div class=\"item--inner\">\r\n                    \t                            <div class=\"item--image\">\r\n                                <a href=\"http:\/\/varitech-development.com\/fr\/team-details\/\"><img fetchpriority=\"high\" decoding=\"async\" width=\"1030\" height=\"1275\" src=\"https:\/\/i0.wp.com\/varitech-development.com\/wp-content\/uploads\/2022\/04\/Patient.png?fit=1030%2C1275\" class=\"attachment-full\" alt=\"\" \/><\/a>\r\n                            <\/div>\r\n                                                <div class=\"item--meta-wrap\">\r\n                            <div class=\"item--meta item--first\">\r\n                            \t<h3 class=\"item--title\">\t\r\n                \t            \tPatient Sefekme                \t\t        <\/h3>\r\n                \t\t        <span class=\"item--position\">Founder, Digitalisation of business processes and IT administration<\/span>\r\n                                <div class=\"item--social\">\r\n                                                                                <a href=\"#\"><i class=\"\"><\/i><\/a>\r\n                                                                                    <a href=\"#\"><i class=\"\"><\/i><\/a>\r\n                                                                                    <a href=\"#\"><i class=\"\"><\/i><\/a>\r\n                                                                                    <a href=\"#\"><i class=\"\"><\/i><\/a>\r\n                                                                        <\/div>\r\n                            <\/div>\r\n                            <div class=\"item--meta item--last\">\r\n                                <h3 class=\"item--title\">    \r\n                                    <a href=\"http:\/\/varitech-development.com\/fr\/team-details\/\">\r\n                                        Patient Sefekme                                    <\/a>\r\n                                <\/h3>\r\n                                <span class=\"item--position text-gradient\">Founder, Digitalisation of business processes and IT administration<\/span>\r\n                                                                    <ul class=\"item--list\">\r\n                                        <li>Mail: sefekme@varitech-development.com<\/li>\r\n                                        <li>Call: (+49) 886-3344<\/li>\r\n                                    <\/ul>\r\n                                                                <div class=\"item--social\">\r\n                                                                                <a href=\"#\"><i class=\"\"><\/i><\/a>\r\n                                                                                    <a href=\"#\"><i class=\"\"><\/i><\/a>\r\n                                                                                    <a href=\"#\"><i class=\"\"><\/i><\/a>\r\n                                                                                    <a href=\"#\"><i class=\"\"><\/i><\/a>\r\n                                                                        <\/div>\r\n                            <\/div>\r\n                        <\/div>\r\n                   <\/div>\r\n                <\/div>\r\n                            <div class=\"grid-item col-xl-4 col-lg-4 col-md-6 col-sm-6 col-12\">\r\n                    <div class=\"item--inner\">\r\n                    \t                            <div class=\"item--image\">\r\n                                <a href=\"http:\/\/varitech-development.com\/fr\/team-details\/\"><img decoding=\"async\" width=\"225\" height=\"225\" src=\"https:\/\/i0.wp.com\/varitech-development.com\/wp-content\/uploads\/2022\/05\/avatar_female.png?fit=225%2C225\" class=\"attachment-full\" alt=\"\" \/><\/a>\r\n                            <\/div>\r\n                                                <div class=\"item--meta-wrap\">\r\n                            <div class=\"item--meta item--first\">\r\n                            \t<h3 class=\"item--title\">\t\r\n                \t            \tJames Smith                \t\t        <\/h3>\r\n                \t\t        <span class=\"item--position\">Web Designer<\/span>\r\n                                <div class=\"item--social\">\r\n                                                                                <a href=\"#\"><i class=\"\"><\/i><\/a>\r\n                                                                                    <a href=\"#\"><i class=\"\"><\/i><\/a>\r\n                                                                                    <a href=\"#\"><i class=\"\"><\/i><\/a>\r\n                                                                                    <a href=\"#\"><i class=\"\"><\/i><\/a>\r\n                                                                        <\/div>\r\n                            <\/div>\r\n                            <div class=\"item--meta item--last\">\r\n                                <h3 class=\"item--title\">    \r\n                                    <a href=\"http:\/\/varitech-development.com\/fr\/team-details\/\">\r\n                                        James Smith                                    <\/a>\r\n                                <\/h3>\r\n                                <span class=\"item--position text-gradient\">Web Designer<\/span>\r\n                                                                    <ul class=\"item--list\">\r\n                                        <li>Mail: smith@varitech-development.com<\/li>\r\n                                        <li>Call: (+33) 886-3344<\/li>\r\n                                    <\/ul>\r\n                                                                <div class=\"item--social\">\r\n                                                                                <a href=\"#\"><i class=\"\"><\/i><\/a>\r\n                                                                                    <a href=\"#\"><i class=\"\"><\/i><\/a>\r\n                                                                                    <a href=\"#\"><i class=\"\"><\/i><\/a>\r\n                                                                                    <a href=\"#\"><i class=\"\"><\/i><\/a>\r\n                                                                        <\/div>\r\n                            <\/div>\r\n                        <\/div>\r\n                   <\/div>\r\n                <\/div>\r\n                            <div class=\"grid-item col-xl-4 col-lg-4 col-md-6 col-sm-6 col-12\">\r\n                    <div class=\"item--inner\">\r\n                    \t                            <div class=\"item--image\">\r\n                                <a href=\"https:\/\/fr.linkedin.com\/in\/david-noumssi-b89625156\"><img decoding=\"async\" width=\"800\" height=\"800\" src=\"https:\/\/i0.wp.com\/varitech-development.com\/wp-content\/uploads\/2022\/05\/David_noumssi.jpg?fit=800%2C800\" class=\"attachment-full\" alt=\"\" \/><\/a>\r\n                            <\/div>\r\n                                                <div class=\"item--meta-wrap\">\r\n                            <div class=\"item--meta item--first\">\r\n                            \t<h3 class=\"item--title\">\t\r\n                \t            \tDavid Noumssi                \t\t        <\/h3>\r\n                \t\t        <span class=\"item--position\">Gestionnaire de compte technique<\/span>\r\n                                <div class=\"item--social\">\r\n                                                                                <a href=\"#\"><i class=\"\"><\/i><\/a>\r\n                                                                                    <a href=\"#\"><i class=\"\"><\/i><\/a>\r\n                                                                                    <a href=\"#\"><i class=\"\"><\/i><\/a>\r\n                                                                                    <a href=\"#\"><i class=\"\"><\/i><\/a>\r\n                                                                        <\/div>\r\n                            <\/div>\r\n                            <div class=\"item--meta item--last\">\r\n                                <h3 class=\"item--title\">    \r\n                                    <a href=\"https:\/\/fr.linkedin.com\/in\/david-noumssi-b89625156\">\r\n                                        David Noumssi                                    <\/a>\r\n                                <\/h3>\r\n                                <span class=\"item--position text-gradient\">Gestionnaire de compte technique<\/span>\r\n                                                                    <ul class=\"item--list\">\r\n                                        <li>Mail: noreply@envato.com<\/li>\r\n                                        <li>Call: (+33) 886-3344<\/li>\r\n                                    <\/ul>\r\n                                                                <div class=\"item--social\">\r\n                                                                                <a href=\"#\"><i class=\"\"><\/i><\/a>\r\n                                                                                    <a href=\"#\"><i class=\"\"><\/i><\/a>\r\n                                                                                    <a href=\"#\"><i class=\"\"><\/i><\/a>\r\n                                                                                    <a href=\"#\"><i class=\"\"><\/i><\/a>\r\n                                                                        <\/div>\r\n                            <\/div>\r\n                        <\/div>\r\n                   <\/div>\r\n                <\/div>\r\n                            <div class=\"grid-item col-xl-4 col-lg-4 col-md-6 col-sm-6 col-12\">\r\n                    <div class=\"item--inner\">\r\n                    \t                            <div class=\"item--image\">\r\n                                <a href=\"http:\/\/varitech-development.com\/fr\/team-details\/\"><img loading=\"lazy\" decoding=\"async\" width=\"225\" height=\"225\" src=\"https:\/\/i0.wp.com\/varitech-development.com\/wp-content\/uploads\/2022\/05\/avatar.png?fit=225%2C225\" class=\"attachment-full\" alt=\"\" \/><\/a>\r\n                            <\/div>\r\n                                                <div class=\"item--meta-wrap\">\r\n                            <div class=\"item--meta item--first\">\r\n                            \t<h3 class=\"item--title\">\t\r\n                \t            \tYvan Ngaleu                 \t\t        <\/h3>\r\n                \t\t        <span class=\"item--position\">Freelancer and expert in the application of statistical models and software for trading currencies, futures, and stocks.<\/span>\r\n                                <div class=\"item--social\">\r\n                                                                                <a href=\"#\"><i class=\"\"><\/i><\/a>\r\n                                                                                    <a href=\"#\"><i class=\"\"><\/i><\/a>\r\n                                                                                    <a href=\"#\"><i class=\"\"><\/i><\/a>\r\n                                                                                    <a href=\"#\"><i class=\"\"><\/i><\/a>\r\n                                                                        <\/div>\r\n                            <\/div>\r\n                            <div class=\"item--meta item--last\">\r\n                                <h3 class=\"item--title\">    \r\n                                    <a href=\"http:\/\/varitech-development.com\/fr\/team-details\/\">\r\n                                        Yvan Ngaleu                                     <\/a>\r\n                                <\/h3>\r\n                                <span class=\"item--position text-gradient\">Freelancer and expert in the application of statistical models and software for trading currencies, futures, and stocks.<\/span>\r\n                                                                    <ul class=\"item--list\">\r\n                                        <li>Mail: yvan@varitech-development.com<\/li>\r\n                                        <li>Call: (+33) 892 976 278<\/li>\r\n                                    <\/ul>\r\n                                                                <div class=\"item--social\">\r\n                                                                                <a href=\"#\"><i class=\"\"><\/i><\/a>\r\n                                                                                    <a href=\"#\"><i class=\"\"><\/i><\/a>\r\n                                                                                    <a href=\"#\"><i class=\"\"><\/i><\/a>\r\n                                                                                    <a href=\"#\"><i class=\"\"><\/i><\/a>\r\n                                                                        <\/div>\r\n                            <\/div>\r\n                        <\/div>\r\n                   <\/div>\r\n                <\/div>\r\n                            <div class=\"grid-item col-xl-4 col-lg-4 col-md-6 col-sm-6 col-12\">\r\n                    <div class=\"item--inner\">\r\n                    \t                            <div class=\"item--image\">\r\n                                <a href=\"#\"><img loading=\"lazy\" decoding=\"async\" width=\"693\" height=\"757\" src=\"https:\/\/i0.wp.com\/varitech-development.com\/wp-content\/uploads\/2022\/05\/AlainTankio2.jpeg?fit=693%2C757\" class=\"attachment-full\" alt=\"\" \/><\/a>\r\n                            <\/div>\r\n                                                <div class=\"item--meta-wrap\">\r\n                            <div class=\"item--meta item--first\">\r\n                            \t<h3 class=\"item--title\">\t\r\n                \t            \tAlain Tankio                \t\t        <\/h3>\r\n                \t\t        <span class=\"item--position\">Responsable comptable<\/span>\r\n                                <div class=\"item--social\">\r\n                                                                                <a href=\"#\"><i class=\"\"><\/i><\/a>\r\n                                                                                    <a href=\"#\"><i class=\"\"><\/i><\/a>\r\n                                                                                    <a href=\"#\"><i class=\"\"><\/i><\/a>\r\n                                                                                    <a href=\"#\"><i class=\"\"><\/i><\/a>\r\n                                                                        <\/div>\r\n                            <\/div>\r\n                            <div class=\"item--meta item--last\">\r\n                                <h3 class=\"item--title\">    \r\n                                    <a href=\"#\">\r\n                                        Alain Tankio                                    <\/a>\r\n                                <\/h3>\r\n                                <span class=\"item--position text-gradient\">Responsable comptable<\/span>\r\n                                                                    <ul class=\"item--list\">\r\n                                        <li>Mail: dounou@varitech-development.com<\/li>\r\n                                        <li>Call: (+237) 677 388 339<\/li>\r\n                                    <\/ul>\r\n                                                                <div class=\"item--social\">\r\n                                                                                <a href=\"#\"><i class=\"\"><\/i><\/a>\r\n                                                                                    <a href=\"#\"><i class=\"\"><\/i><\/a>\r\n                                                                                    <a href=\"#\"><i class=\"\"><\/i><\/a>\r\n                                                                                    <a href=\"#\"><i class=\"\"><\/i><\/a>\r\n                                                                        <\/div>\r\n                            <\/div>\r\n                        <\/div>\r\n                   <\/div>\r\n                <\/div>\r\n                            <div class=\"grid-item col-xl-4 col-lg-4 col-md-6 col-sm-6 col-12\">\r\n                    <div class=\"item--inner\">\r\n                    \t                            <div class=\"item--image\">\r\n                                <a href=\"#\"><img loading=\"lazy\" decoding=\"async\" width=\"225\" height=\"225\" src=\"https:\/\/i0.wp.com\/varitech-development.com\/wp-content\/uploads\/2022\/05\/avatar.png?fit=225%2C225\" class=\"attachment-full\" alt=\"\" \/><\/a>\r\n                            <\/div>\r\n                                                <div class=\"item--meta-wrap\">\r\n                            <div class=\"item--meta item--first\">\r\n                            \t<h3 class=\"item--title\">\t\r\n                \t            \tJocelyn Tankio                \t\t        <\/h3>\r\n                \t\t        <span class=\"item--position\"> Software developer &amp; Web Designer <\/span>\r\n                                <div class=\"item--social\">\r\n                                                                                <a href=\"#\"><i class=\"\"><\/i><\/a>\r\n                                                                                    <a href=\"#\"><i class=\"\"><\/i><\/a>\r\n                                                                                    <a href=\"#\"><i class=\"\"><\/i><\/a>\r\n                                                                                    <a href=\"#\"><i class=\"\"><\/i><\/a>\r\n                                                                        <\/div>\r\n                            <\/div>\r\n                            <div class=\"item--meta item--last\">\r\n                                <h3 class=\"item--title\">    \r\n                                    <a href=\"#\">\r\n                                        Jocelyn Tankio                                    <\/a>\r\n                                <\/h3>\r\n                                <span class=\"item--position text-gradient\"> Software developer &amp; Web Designer <\/span>\r\n                                                                    <ul class=\"item--list\">\r\n                                        <li>Mail: tankio@varitech-development.com<\/li>\r\n                                        <li>Call: (+237) 886-3344<\/li>\r\n                                    <\/ul>\r\n                                                                <div class=\"item--social\">\r\n                                                                                <a href=\"#\"><i class=\"\"><\/i><\/a>\r\n                                                                                    <a href=\"#\"><i class=\"\"><\/i><\/a>\r\n                                                                                    <a href=\"#\"><i class=\"\"><\/i><\/a>\r\n                                                                                    <a href=\"#\"><i class=\"\"><\/i><\/a>\r\n                                                                        <\/div>\r\n                            <\/div>\r\n                        <\/div>\r\n                   <\/div>\r\n                <\/div>\r\n                        <div class=\"grid-sizer col-xl-4 col-lg-4 col-md-6 col-sm-6 col-12\"><\/div>\r\n        <\/div>\r\n    <\/div>\r\n\t\t<\/div>\n\t\t\t\t<\/div>\n\t\t                <\/div>\n                    <\/div>\n        <\/div>\n                                <\/div>\n                    <\/div>\n        <\/section>\n        \t\t<\/div>","protected":false},"excerpt":{"rendered":"<p>Team We will satisfy you by our work ideas With an agile approach and a pioneering spirit, we create innovations [&hellip;]<\/p>\n","protected":false},"author":1,"featured_media":0,"parent":0,"menu_order":0,"comment_status":"closed","ping_status":"closed","template":"","meta":{"footnotes":""},"class_list":["post-28","page","type-page","status-publish","hentry"],"_links":{"self":[{"href":"http:\/\/varitech-development.com\/fr\/wp-json\/wp\/v2\/pages\/28","targetHints":{"allow":["GET"]}}],"collection":[{"href":"http:\/\/varitech-development.com\/fr\/wp-json\/wp\/v2\/pages"}],"about":[{"href":"http:\/\/varitech-development.com\/fr\/wp-json\/wp\/v2\/types\/page"}],"author":[{"embeddable":true,"href":"http:\/\/varitech-development.com\/fr\/wp-json\/wp\/v2\/users\/1"}],"replies":[{"embeddable":true,"href":"http:\/\/varitech-development.com\/fr\/wp-json\/wp\/v2\/comments?post=28"}],"version-history":[{"count":42,"href":"http:\/\/varitech-development.com\/fr\/wp-json\/wp\/v2\/pages\/28\/revisions"}],"predecessor-version":[{"id":2543,"href":"http:\/\/varitech-development.com\/fr\/wp-json\/wp\/v2\/pages\/28\/revisions\/2543"}],"wp:attachment":[{"href":"http:\/\/varitech-development.com\/fr\/wp-json\/wp\/v2\/media?parent=28"}],"curies":[{"name":"wp","href":"https:\/\/api.w.org\/{rel}","templated":true}]}}