{"id":30,"date":"2019-10-30T08:05:16","date_gmt":"2019-10-30T08:05:16","guid":{"rendered":"http:\/\/demo.casethemes.net\/contio\/?page_id=30"},"modified":"2022-05-17T08:51:00","modified_gmt":"2022-05-17T08:51:00","slug":"faq","status":"publish","type":"page","link":"http:\/\/varitech-development.com\/fr\/faq","title":{"rendered":"FAQ"},"content":{"rendered":"<div data-elementor-type=\"wp-page\" data-elementor-id=\"30\" class=\"elementor elementor-30\">\n\t\t\t\t        <section class=\"elementor-section elementor-top-section elementor-element elementor-element-9eaff81 elementor-section-content-middle elementor-section-boxed elementor-section-height-default elementor-section-height-default\" data-id=\"9eaff81\" data-element_type=\"section\">\n            \n                        <div class=\"elementor-container elementor-column-gap-extended\">\n                            <div class=\"elementor-row\">\n                    <div class=\"elementor-column elementor-col-50 elementor-top-column elementor-element elementor-element-673502da\" data-id=\"673502da\" data-element_type=\"column\">\n            <div class=\"elementor-column-wrap elementor-element-populated\">\n                            <div class=\"elementor-widget-wrap\">\n                \t\t<div class=\"elementor-element elementor-element-996e851 elementor-widget elementor-widget-ct_heading\" data-id=\"996e851\" data-element_type=\"widget\" data-widget_type=\"ct_heading.default\">\n\t\t\t\t<div class=\"elementor-widget-container\">\n\t\t\t<div class=\"ct-heading\">\r\n\t\t\t<div class=\"item--sub-title style1 show-line\">FAQ<\/div>\r\n\t    <h3 class=\"item--title st-default\">\r\n        Vous pouvez en savoir plus \u00e0 partir de nos questions pos\u00e9es    <\/h3>\r\n<\/div>\t\t<\/div>\n\t\t\t\t<\/div>\n\t\t                <\/div>\n                    <\/div>\n        <\/div>\n                <div class=\"elementor-column elementor-col-50 elementor-top-column elementor-element elementor-element-15656588\" data-id=\"15656588\" data-element_type=\"column\">\n            <div class=\"elementor-column-wrap elementor-element-populated\">\n                            <div class=\"elementor-widget-wrap\">\n                \t\t<div class=\"elementor-element elementor-element-37b6c60c elementor-widget elementor-widget-text-editor\" data-id=\"37b6c60c\" data-element_type=\"widget\" data-widget_type=\"text-editor.default\">\n\t\t\t\t<div class=\"elementor-widget-container\">\n\t\t\t<style>\/*! elementor - v3.19.0 - 26-02-2024 *\/\n.elementor-widget-text-editor.elementor-drop-cap-view-stacked .elementor-drop-cap{background-color:#69727d;color:#fff}.elementor-widget-text-editor.elementor-drop-cap-view-framed .elementor-drop-cap{color:#69727d;border:3px solid;background-color:transparent}.elementor-widget-text-editor:not(.elementor-drop-cap-view-default) .elementor-drop-cap{margin-top:8px}.elementor-widget-text-editor:not(.elementor-drop-cap-view-default) .elementor-drop-cap-letter{width:1em;height:1em}.elementor-widget-text-editor .elementor-drop-cap{float:left;text-align:center;line-height:1;font-size:50px}.elementor-widget-text-editor .elementor-drop-cap-letter{display:inline-block}<\/style>\t\t\t\t<p>Here are the most frequently asked questions that can help you.<\/p>\t\t\t\t\t\t<\/div>\n\t\t\t\t<\/div>\n\t\t                <\/div>\n                    <\/div>\n        <\/div>\n                                <\/div>\n                    <\/div>\n        <\/section>\n                <section class=\"elementor-section elementor-top-section elementor-element elementor-element-4af9be3 elementor-section-boxed elementor-section-height-default elementor-section-height-default\" data-id=\"4af9be3\" data-element_type=\"section\">\n            \n                        <div class=\"elementor-container elementor-column-gap-extended\">\n                            <div class=\"elementor-row\">\n                    <div class=\"elementor-column elementor-col-50 elementor-top-column elementor-element elementor-element-8731cd3\" data-id=\"8731cd3\" data-element_type=\"column\">\n            <div class=\"elementor-column-wrap elementor-element-populated\">\n                            <div class=\"elementor-widget-wrap\">\n                \t\t<div class=\"elementor-element elementor-element-f7c9b22 elementor-widget elementor-widget-ct_accordion\" data-id=\"f7c9b22\" data-element_type=\"widget\" data-widget_type=\"ct_accordion.default\">\n\t\t\t\t<div class=\"elementor-widget-container\">\n\t\t\t    <div id=\"ct_accordion-f7c9b22\" class=\"ct-accordion layout1\">\r\n                    <div class=\"ct-accordion-item active\">\r\n                <div class=\"ct-ac-title active\" data-target=\"#6d4372cct_accordion-f7c9b22\">\r\n                    <a class=\"ct-ac-title-text\">Que dois-je inclure dans ma d\u00e9claration personnelle\u00a0?<\/a>\r\n                <\/div>\r\n                <div id=\"6d4372cct_accordion-f7c9b22\" class=\"ct-ac-content\" style=\"display:block;\">Pr\u00e9cisez l'objet de votre message afin que le temps de r\u00e9ponse soit optimal. N'oubliez pas de mentionner vos coordonn\u00e9es.<\/div>\r\n            <\/div>\r\n                    <div class=\"ct-accordion-item\">\r\n                <div class=\"ct-ac-title\" data-target=\"#5ba9ac6ct_accordion-f7c9b22\">\r\n                    <a class=\"ct-ac-title-text\">Will membership plans be charged automatically?<\/a>\r\n                <\/div>\r\n                <div id=\"5ba9ac6ct_accordion-f7c9b22\" class=\"ct-ac-content\">Of course, all you have to do is fill in and sign the bank documents allowing your bank to give us access.<\/div>\r\n            <\/div>\r\n                    <div class=\"ct-accordion-item\">\r\n                <div class=\"ct-ac-title\" data-target=\"#535b837ct_accordion-f7c9b22\">\r\n                    <a class=\"ct-ac-title-text\">Comment puis-je modifier ma candidature ?<\/a>\r\n                <\/div>\r\n                <div id=\"535b837ct_accordion-f7c9b22\" class=\"ct-ac-content\">You just need to contact the support team.<\/div>\r\n            <\/div>\r\n            <\/div>\r\n\t\t<\/div>\n\t\t\t\t<\/div>\n\t\t                <\/div>\n                    <\/div>\n        <\/div>\n                <div class=\"elementor-column elementor-col-50 elementor-top-column elementor-element elementor-element-736fa99\" data-id=\"736fa99\" data-element_type=\"column\">\n            <div class=\"elementor-column-wrap elementor-element-populated\">\n                            <div class=\"elementor-widget-wrap\">\n                \t\t<div class=\"elementor-element elementor-element-1bd3aee elementor-widget elementor-widget-ct_accordion\" data-id=\"1bd3aee\" data-element_type=\"widget\" data-widget_type=\"ct_accordion.default\">\n\t\t\t\t<div class=\"elementor-widget-container\">\n\t\t\t    <div id=\"ct_accordion-1bd3aee\" class=\"ct-accordion layout1\">\r\n                    <div class=\"ct-accordion-item active\">\r\n                <div class=\"ct-ac-title active\" data-target=\"#6d4372cct_accordion-1bd3aee\">\r\n                    <a class=\"ct-ac-title-text\">Where can I find out about funding?<\/a>\r\n                <\/div>\r\n                <div id=\"6d4372cct_accordion-1bd3aee\" class=\"ct-ac-content\" style=\"display:block;\">The support team will give you all the information you need<\/div>\r\n            <\/div>\r\n                    <div class=\"ct-accordion-item\">\r\n                <div class=\"ct-ac-title\" data-target=\"#5ba9ac6ct_accordion-1bd3aee\">\r\n                    <a class=\"ct-ac-title-text\">Que se passera-t-il lorsque j'aurai envoy\u00e9 ma candidature ?<\/a>\r\n                <\/div>\r\n                <div id=\"5ba9ac6ct_accordion-1bd3aee\" class=\"ct-ac-content\">You are bound to receive an answer as soon as possible.\u200b<\/div>\r\n            <\/div>\r\n                    <div class=\"ct-accordion-item\">\r\n                <div class=\"ct-ac-title\" data-target=\"#535b837ct_accordion-1bd3aee\">\r\n                    <a class=\"ct-ac-title-text\">Can I get a free trial before I purchase?<\/a>\r\n                <\/div>\r\n                <div id=\"535b837ct_accordion-1bd3aee\" class=\"ct-ac-content\">You can reach us via the contact form to specify your needs.<\/div>\r\n            <\/div>\r\n            <\/div>\r\n\t\t<\/div>\n\t\t\t\t<\/div>\n\t\t                <\/div>\n                    <\/div>\n        <\/div>\n                                <\/div>\n                    <\/div>\n        <\/section>\n                <section class=\"elementor-section elementor-top-section elementor-element elementor-element-fd2eb3e elementor-section-boxed elementor-section-height-default elementor-section-height-default\" data-id=\"fd2eb3e\" data-element_type=\"section\" data-settings=\"{&quot;background_background&quot;:&quot;classic&quot;}\">\n            \n                        <div class=\"elementor-container elementor-column-gap-extended\">\n                            <div class=\"elementor-row\">\n                    <div class=\"elementor-column elementor-col-100 elementor-top-column elementor-element elementor-element-a4cc2b0\" data-id=\"a4cc2b0\" data-element_type=\"column\">\n            <div class=\"elementor-column-wrap elementor-element-populated\">\n                            <div class=\"elementor-widget-wrap\">\n                \t\t<div class=\"elementor-element elementor-element-959d290 elementor-widget elementor-widget-ct_heading\" data-id=\"959d290\" data-element_type=\"widget\" data-widget_type=\"ct_heading.default\">\n\t\t\t\t<div class=\"elementor-widget-container\">\n\t\t\t<div class=\"ct-heading\">\r\n\t    <h3 class=\"item--title st-default\">\r\n        Have any other questions?    <\/h3>\r\n<\/div>\t\t<\/div>\n\t\t\t\t<\/div>\n\t\t\t\t<div class=\"elementor-element elementor-element-5616f45 elementor-widget elementor-widget-text-editor\" data-id=\"5616f45\" data-element_type=\"widget\" data-widget_type=\"text-editor.default\">\n\t\t\t\t<div class=\"elementor-widget-container\">\n\t\t\t\t\t\t\t<p>Feel free to fill out the form<\/p>\t\t\t\t\t\t<\/div>\n\t\t\t\t<\/div>\n\t\t\t\t<div class=\"elementor-element elementor-element-d135513 elementor-widget elementor-widget-ct_ctf7\" data-id=\"d135513\" data-element_type=\"widget\" data-widget_type=\"ct_ctf7.default\">\n\t\t\t\t<div class=\"elementor-widget-container\">\n\t\t\t    <div id=\"ct_ctf7-d135513\" class=\"ct-contact-form-layout1 style1\">\r\n        <div class=\"ct-contact-form-inner\">\r\n            \n<div class=\"wpcf7 no-js\" id=\"wpcf7-f308-o1\" lang=\"en-US\" dir=\"ltr\" data-wpcf7-id=\"308\">\n<div class=\"screen-reader-response\"><p role=\"status\" aria-live=\"polite\" aria-atomic=\"true\"><\/p> <ul><\/ul><\/div>\n<form action=\"\/fr\/wp-json\/wp\/v2\/pages\/30#wpcf7-f308-o1\" method=\"post\" class=\"wpcf7-form init\" aria-label=\"Contact form\" novalidate=\"novalidate\" data-status=\"init\" data-trp-original-action=\"\/fr\/wp-json\/wp\/v2\/pages\/30#wpcf7-f308-o1\">\n<fieldset class=\"hidden-fields-container\"><input type=\"hidden\" name=\"_wpcf7\" value=\"308\" \/><input type=\"hidden\" name=\"_wpcf7_version\" value=\"6.1.5\" \/><input type=\"hidden\" name=\"_wpcf7_locale\" value=\"en_US\" \/><input type=\"hidden\" name=\"_wpcf7_unit_tag\" value=\"wpcf7-f308-o1\" \/><input type=\"hidden\" name=\"_wpcf7_container_post\" value=\"0\" \/><input type=\"hidden\" name=\"_wpcf7_posted_data_hash\" value=\"\" \/><input type=\"hidden\" name=\"_wpcf7_recaptcha_response\" value=\"\" \/>\n<\/fieldset>\n<div class=\"input-filled\">\n\t<p><span class=\"wpcf7-form-control-wrap\" data-name=\"your-name\"><input size=\"40\" maxlength=\"400\" class=\"wpcf7-form-control wpcf7-text wpcf7-validates-as-required\" aria-required=\"true\" aria-invalid=\"false\" placeholder=\"Name*\" value=\"\" type=\"text\" name=\"your-name\" \/><\/span>\n\t<\/p>\n<\/div>\n<div class=\"input-filled\">\n\t<p><span class=\"wpcf7-form-control-wrap\" data-name=\"your-email\"><input size=\"40\" maxlength=\"400\" class=\"wpcf7-form-control wpcf7-email wpcf7-validates-as-required wpcf7-text wpcf7-validates-as-email\" aria-required=\"true\" aria-invalid=\"false\" placeholder=\"Mail address*\" value=\"\" type=\"email\" name=\"your-email\" \/><\/span>\n\t<\/p>\n<\/div>\n<div class=\"input-filled\">\n\t<p><span class=\"wpcf7-form-control-wrap\" data-name=\"your-message\"><textarea cols=\"40\" rows=\"10\" maxlength=\"2000\" class=\"wpcf7-form-control wpcf7-textarea wpcf7-validates-as-required\" aria-required=\"true\" aria-invalid=\"false\" placeholder=\"Ask question...\" name=\"your-message\"><\/textarea><\/span>\n\t<\/p>\n<\/div>\n<div class=\"input-filled\">\n\t<p><div class=\"gglcptch gglcptch_v2\"><div id=\"gglcptch_recaptcha_652823807\" class=\"gglcptch_recaptcha\"><\/div>\n\t\t\t\t<noscript>\n\t\t\t\t\t<div style=\"width: 302px;\">\n\t\t\t\t\t\t<div style=\"width: 302px; height: 422px; position: relative;\">\n\t\t\t\t\t\t\t<div style=\"width: 302px; height: 422px; position: absolute;\">\n\t\t\t\t\t\t\t\t<iframe src=\"https:\/\/www.google.com\/recaptcha\/api\/fallback?k=6LffGdMhAAAAACbAwQKvyC3WjUoP-jMMvDkJwe3Z\" frameborder=\"0\" scrolling=\"no\" style=\"width: 302px; height:422px; border-style: none;\"><\/iframe>\n\t\t\t\t\t\t\t<\/div>\n\t\t\t\t\t\t<\/div>\n\t\t\t\t\t\t<div style=\"border-style: none; bottom: 12px; left: 25px; margin: 0px; padding: 0px; right: 25px; background: #f9f9f9; border: 1px solid #c1c1c1; border-radius: 3px; height: 60px; width: 300px;\">\n\t\t\t\t\t\t\t<input type=\"hidden\" id=\"g-recaptcha-response\" name=\"g-recaptcha-response\" class=\"g-recaptcha-response\" style=\"width: 250px !important; height: 40px !important; border: 1px solid #c1c1c1 !important; margin: 10px 25px !important; padding: 0px !important; resize: none !important;\">\n\t\t\t\t\t\t<\/div>\n\t\t\t\t\t<\/div>\n\t\t\t\t<\/noscript><\/div>\n\t<\/p>\n<\/div>\n<div class=\"input-filled text-center\">\n\t<p><button type=\"submit\" class=\"wpcf7-submit btn btn-padding-big\"><i class=\"fac fac-reply space-left fac-rotate\"><\/i>Send us now<\/button>\n\t<\/p>\n<\/div><div class=\"wpcf7-response-output\" aria-hidden=\"true\"><\/div>\n<input type=\"hidden\" name=\"trp-form-language\" value=\"fr\"\/><\/form>\n<\/div>\n        <\/div>\r\n    <\/div>\r\n\t\t<\/div>\n\t\t\t\t<\/div>\n\t\t                <\/div>\n                    <\/div>\n        <\/div>\n                                <\/div>\n                    <\/div>\n        <\/section>\n        \t\t<\/div>","protected":false},"excerpt":{"rendered":"<p>FAQ You can learn more from our asked questions Here are the most frequently asked questions that can help you. [&hellip;]<\/p>\n","protected":false},"author":1,"featured_media":0,"parent":0,"menu_order":0,"comment_status":"closed","ping_status":"closed","template":"","meta":{"footnotes":""},"class_list":["post-30","page","type-page","status-publish","hentry"],"_links":{"self":[{"href":"http:\/\/varitech-development.com\/fr\/wp-json\/wp\/v2\/pages\/30","targetHints":{"allow":["GET"]}}],"collection":[{"href":"http:\/\/varitech-development.com\/fr\/wp-json\/wp\/v2\/pages"}],"about":[{"href":"http:\/\/varitech-development.com\/fr\/wp-json\/wp\/v2\/types\/page"}],"author":[{"embeddable":true,"href":"http:\/\/varitech-development.com\/fr\/wp-json\/wp\/v2\/users\/1"}],"replies":[{"embeddable":true,"href":"http:\/\/varitech-development.com\/fr\/wp-json\/wp\/v2\/comments?post=30"}],"version-history":[{"count":12,"href":"http:\/\/varitech-development.com\/fr\/wp-json\/wp\/v2\/pages\/30\/revisions"}],"predecessor-version":[{"id":2126,"href":"http:\/\/varitech-development.com\/fr\/wp-json\/wp\/v2\/pages\/30\/revisions\/2126"}],"wp:attachment":[{"href":"http:\/\/varitech-development.com\/fr\/wp-json\/wp\/v2\/media?parent=30"}],"curies":[{"name":"wp","href":"https:\/\/api.w.org\/{rel}","templated":true}]}}