{"id":407,"date":"2019-11-11T08:33:51","date_gmt":"2019-11-11T08:33:51","guid":{"rendered":"http:\/\/demo.casethemes.net\/contio\/?page_id=407"},"modified":"2022-05-16T15:25:20","modified_gmt":"2022-05-16T15:25:20","slug":"services-v-1","status":"publish","type":"page","link":"http:\/\/varitech-development.com\/fr\/services-v-1","title":{"rendered":"Services v.1"},"content":{"rendered":"<div data-elementor-type=\"wp-page\" data-elementor-id=\"407\" class=\"elementor elementor-407\">\n\t\t\t\t        <section class=\"elementor-section elementor-top-section elementor-element elementor-element-1c0b5e53 elementor-section-content-middle elementor-section-boxed elementor-section-height-default elementor-section-height-default\" data-id=\"1c0b5e53\" data-element_type=\"section\">\n            \n                        <div class=\"elementor-container elementor-column-gap-extended\">\n                            <div class=\"elementor-row\">\n                    <div class=\"elementor-column elementor-col-50 elementor-top-column elementor-element elementor-element-357e3705\" data-id=\"357e3705\" data-element_type=\"column\">\n            <div class=\"elementor-column-wrap elementor-element-populated\">\n                            <div class=\"elementor-widget-wrap\">\n                \t\t<div class=\"elementor-element elementor-element-d52810d elementor-widget elementor-widget-ct_heading\" data-id=\"d52810d\" data-element_type=\"widget\" data-widget_type=\"ct_heading.default\">\n\t\t\t\t<div class=\"elementor-widget-container\">\n\t\t\t<div class=\"ct-heading\">\r\n\t\t\t<div class=\"item--sub-title style1 show-line\">Services<\/div>\r\n\t    <h3 class=\"item--title st-default\">\r\n        Vous obtiendrez le meilleur prix de notre soci\u00e9t\u00e9    <\/h3>\r\n<\/div>\t\t<\/div>\n\t\t\t\t<\/div>\n\t\t                <\/div>\n                    <\/div>\n        <\/div>\n                <div class=\"elementor-column elementor-col-50 elementor-top-column elementor-element elementor-element-2b390b98\" data-id=\"2b390b98\" data-element_type=\"column\">\n            <div class=\"elementor-column-wrap elementor-element-populated\">\n                            <div class=\"elementor-widget-wrap\">\n                \t\t<div class=\"elementor-element elementor-element-1e4261f5 elementor-widget elementor-widget-text-editor\" data-id=\"1e4261f5\" data-element_type=\"widget\" data-widget_type=\"text-editor.default\">\n\t\t\t\t<div class=\"elementor-widget-container\">\n\t\t\t<style>\/*! elementor - v3.19.0 - 26-02-2024 *\/\n.elementor-widget-text-editor.elementor-drop-cap-view-stacked .elementor-drop-cap{background-color:#69727d;color:#fff}.elementor-widget-text-editor.elementor-drop-cap-view-framed .elementor-drop-cap{color:#69727d;border:3px solid;background-color:transparent}.elementor-widget-text-editor:not(.elementor-drop-cap-view-default) .elementor-drop-cap{margin-top:8px}.elementor-widget-text-editor:not(.elementor-drop-cap-view-default) .elementor-drop-cap-letter{width:1em;height:1em}.elementor-widget-text-editor .elementor-drop-cap{float:left;text-align:center;line-height:1;font-size:50px}.elementor-widget-text-editor .elementor-drop-cap-letter{display:inline-block}<\/style>\t\t\t\t<p>Obtenez la meilleure formation en un temps record qui changera votre vie professionnelle<\/p>\t\t\t\t\t\t<\/div>\n\t\t\t\t<\/div>\n\t\t                <\/div>\n                    <\/div>\n        <\/div>\n                                <\/div>\n                    <\/div>\n        <\/section>\n                <section class=\"elementor-section elementor-top-section elementor-element elementor-element-67723bb elementor-section-boxed elementor-section-height-default elementor-section-height-default\" data-id=\"67723bb\" data-element_type=\"section\">\n            \n                        <div class=\"elementor-container elementor-column-gap-extended\">\n                            <div class=\"elementor-row\">\n                    <div class=\"elementor-column elementor-col-100 elementor-top-column elementor-element elementor-element-c7c1da2\" data-id=\"c7c1da2\" data-element_type=\"column\">\n            <div class=\"elementor-column-wrap elementor-element-populated\">\n                            <div class=\"elementor-widget-wrap\">\n                \t\t<div class=\"elementor-element elementor-element-1612263 elementor-widget elementor-widget-ct_service_grid\" data-id=\"1612263\" data-element_type=\"widget\" data-widget_type=\"ct_service_grid.default\">\n\t\t\t\t<div class=\"elementor-widget-container\">\n\t\t\t\r\n<div id=\"ct_service_grid-1612263\" class=\"ct-grid ct-service-grid1\" data-layout=\"masonry\" data-start-page=\"1\" data-max-pages=\"1\" data-total=\"4\" data-perpage=\"8\" data-next-link=\"\">\r\n    <div class=\"ct-grid-overlay\"><\/div>\r\n    \r\n    <div class=\"ct-grid-inner ct-grid-masonry row animate-time\" data-gutter=\"15\">\r\n                            <div class=\"grid-item col-xl-3 col-lg-3 col-md-4 col-sm-6 col-12\">\r\n                        <div class=\"grid-item-inner wow fadeInUp\">\r\n\r\n                                                            <div class=\"item--featured\">\r\n                                    <img fetchpriority=\"high\" decoding=\"async\" class=\"\" src=\"https:\/\/i0.wp.com\/varitech-development.com\/wp-content\/uploads\/2022\/05\/2-268x345.jpg\" width=\"268\" height=\"345\" alt=\"2\" title=\"2\" \/>                                <\/div>\r\n                                                        \r\n                            <div class=\"item--meta\">\r\n                                                                    <h3 class=\"item--title\">Gestion des postes de travail et des utilisateurs<\/h3>\r\n                                                            <\/div>\r\n                            <div class=\"item--holder\">\r\n                                <div class=\"item--holder-overlay\"><\/div>\r\n                                <div class=\"item--holder-inner\">\r\n                                                                            <div class=\"item--icon\"><i class=\"fa fa-desktop\"><\/i><\/div>\r\n                                                                                                                <h3 class=\"item--title\"><a href=\"http:\/\/varitech-development.com\/fr\/service\/desktop-user-management\">Gestion des postes de travail et des utilisateurs<\/a><\/h3>\r\n                                                                                                                <div class=\"item--content\">\r\n                                            Notre \u00e9quipe sp\u00e9cialis\u00e9e vous soulagera de l'importante t\u00e2che de gestion des postes de travail.                                        <\/div>\r\n                                                                                                                <div class=\"item--readmore\">\r\n                                            <a class=\"text-gradient\" href=\"http:\/\/varitech-development.com\/fr\/service\/desktop-user-management\">Lire la suite<i class=\"fac fac-angle-right\"><\/i><\/a>\r\n                                        <\/div>\r\n                                                                    <\/div>\r\n                            <\/div>\r\n                        <\/div>\r\n                    <\/div>\r\n                                <div class=\"grid-item col-xl-3 col-lg-3 col-md-4 col-sm-6 col-12\">\r\n                        <div class=\"grid-item-inner wow fadeInUp\">\r\n\r\n                                                            <div class=\"item--featured\">\r\n                                    <img decoding=\"async\" class=\"\" src=\"https:\/\/i0.wp.com\/varitech-development.com\/wp-content\/uploads\/2019\/11\/ERP-268x345.png\" width=\"268\" height=\"345\" alt=\"ERP\" title=\"ERP\" \/>                                <\/div>\r\n                                                        \r\n                            <div class=\"item--meta\">\r\n                                                                    <h3 class=\"item--title\">Mise en place d'une solution ERP<\/h3>\r\n                                                            <\/div>\r\n                            <div class=\"item--holder\">\r\n                                <div class=\"item--holder-overlay\"><\/div>\r\n                                <div class=\"item--holder-inner\">\r\n                                                                            <div class=\"item--icon\"><i class=\"fa fa-users\"><\/i><\/div>\r\n                                                                                                                <h3 class=\"item--title\"><a href=\"http:\/\/varitech-development.com\/fr\/service\/implementation-of-an-erp-solutions\">Mise en place d'une solution ERP<\/a><\/h3>\r\n                                                                                                                <div class=\"item--content\">\r\n                                            Our application gives you an overview of the goods that are in your warehouse at a given time, estimates the quantity of product that one\u2026                                        <\/div>\r\n                                                                                                                <div class=\"item--readmore\">\r\n                                            <a class=\"text-gradient\" href=\"http:\/\/varitech-development.com\/fr\/service\/implementation-of-an-erp-solutions\">Lire la suite<i class=\"fac fac-angle-right\"><\/i><\/a>\r\n                                        <\/div>\r\n                                                                    <\/div>\r\n                            <\/div>\r\n                        <\/div>\r\n                    <\/div>\r\n                                <div class=\"grid-item col-xl-3 col-lg-3 col-md-4 col-sm-6 col-12\">\r\n                        <div class=\"grid-item-inner wow fadeInUp\">\r\n\r\n                                                            <div class=\"item--featured\">\r\n                                    <img decoding=\"async\" class=\"\" src=\"https:\/\/i0.wp.com\/varitech-development.com\/wp-content\/uploads\/2019\/11\/web-developer-268x345.jpg\" width=\"268\" height=\"345\" alt=\"web-developer\" title=\"web-developer\" \/>                                <\/div>\r\n                                                        \r\n                            <div class=\"item--meta\">\r\n                                                                    <h3 class=\"item--title\">D\u00e9veloppement de site Web<\/h3>\r\n                                                            <\/div>\r\n                            <div class=\"item--holder\">\r\n                                <div class=\"item--holder-overlay\"><\/div>\r\n                                <div class=\"item--holder-inner\">\r\n                                                                            <div class=\"item--icon\"><i class=\"fa fa-globe\"><\/i><\/div>\r\n                                                                                                                <h3 class=\"item--title\"><a href=\"http:\/\/varitech-development.com\/fr\/service\/website-development\">D\u00e9veloppement de site Web<\/a><\/h3>\r\n                                                                                                                <div class=\"item--content\">\r\n                                            We develop your website - professional and tailored to your needs. And all with responsive design (mobile friendly and search engine optimised). We create and\u2026                                        <\/div>\r\n                                                                                                                <div class=\"item--readmore\">\r\n                                            <a class=\"text-gradient\" href=\"http:\/\/varitech-development.com\/fr\/service\/website-development\">Lire la suite<i class=\"fac fac-angle-right\"><\/i><\/a>\r\n                                        <\/div>\r\n                                                                    <\/div>\r\n                            <\/div>\r\n                        <\/div>\r\n                    <\/div>\r\n                                <div class=\"grid-item col-xl-3 col-lg-3 col-md-4 col-sm-6 col-12\">\r\n                        <div class=\"grid-item-inner wow fadeInUp\">\r\n\r\n                                                            <div class=\"item--featured\">\r\n                                    <img loading=\"lazy\" decoding=\"async\" class=\"\" src=\"https:\/\/i0.wp.com\/varitech-development.com\/wp-content\/uploads\/2019\/11\/DevOps_2-268x345.png\" width=\"268\" height=\"345\" alt=\"DevOps_2\" title=\"DevOps_2\" \/>                                <\/div>\r\n                                                        \r\n                            <div class=\"item--meta\">\r\n                                                                    <h3 class=\"item--title\">DevOps \u2013 Processus m\u00e9tier optimis\u00e9s<\/h3>\r\n                                                            <\/div>\r\n                            <div class=\"item--holder\">\r\n                                <div class=\"item--holder-overlay\"><\/div>\r\n                                <div class=\"item--holder-inner\">\r\n                                                                            <div class=\"item--icon\"><i class=\"fa fa-sitemap\"><\/i><\/div>\r\n                                                                                                                <h3 class=\"item--title\"><a href=\"http:\/\/varitech-development.com\/fr\/service\/devops-optimised-business-processes\">DevOps \u2013 Processus m\u00e9tier optimis\u00e9s<\/a><\/h3>\r\n                                                                                                                <div class=\"item--content\">\r\n                                            We adapt DevOps solutions according to your needs. Indeed, companies that can react very quickly to changes have a dazzling competitive advantage. Those that manage\u2026                                        <\/div>\r\n                                                                                                                <div class=\"item--readmore\">\r\n                                            <a class=\"text-gradient\" href=\"http:\/\/varitech-development.com\/fr\/service\/devops-optimised-business-processes\">Lire la suite<i class=\"fac fac-angle-right\"><\/i><\/a>\r\n                                        <\/div>\r\n                                                                    <\/div>\r\n                            <\/div>\r\n                        <\/div>\r\n                    <\/div>\r\n                                <div class=\"grid-sizer col-xl-3 col-lg-3 col-md-4 col-sm-6 col-12\"><\/div>\r\n            <\/div>\r\n        <\/div>\t\t<\/div>\n\t\t\t\t<\/div>\n\t\t                <\/div>\n                    <\/div>\n        <\/div>\n                                <\/div>\n                    <\/div>\n        <\/section>\n        \t\t<\/div>","protected":false},"excerpt":{"rendered":"<p>Services You will get the best pricing from our company Get the best training in record time that will change [&hellip;]<\/p>\n","protected":false},"author":1,"featured_media":0,"parent":0,"menu_order":0,"comment_status":"closed","ping_status":"closed","template":"","meta":{"footnotes":""},"class_list":["post-407","page","type-page","status-publish","hentry"],"_links":{"self":[{"href":"http:\/\/varitech-development.com\/fr\/wp-json\/wp\/v2\/pages\/407","targetHints":{"allow":["GET"]}}],"collection":[{"href":"http:\/\/varitech-development.com\/fr\/wp-json\/wp\/v2\/pages"}],"about":[{"href":"http:\/\/varitech-development.com\/fr\/wp-json\/wp\/v2\/types\/page"}],"author":[{"embeddable":true,"href":"http:\/\/varitech-development.com\/fr\/wp-json\/wp\/v2\/users\/1"}],"replies":[{"embeddable":true,"href":"http:\/\/varitech-development.com\/fr\/wp-json\/wp\/v2\/comments?post=407"}],"version-history":[{"count":3,"href":"http:\/\/varitech-development.com\/fr\/wp-json\/wp\/v2\/pages\/407\/revisions"}],"predecessor-version":[{"id":2014,"href":"http:\/\/varitech-development.com\/fr\/wp-json\/wp\/v2\/pages\/407\/revisions\/2014"}],"wp:attachment":[{"href":"http:\/\/varitech-development.com\/fr\/wp-json\/wp\/v2\/media?parent=407"}],"curies":[{"name":"wp","href":"https:\/\/api.w.org\/{rel}","templated":true}]}}