{"id":409,"date":"2019-11-11T08:37:45","date_gmt":"2019-11-11T08:37:45","guid":{"rendered":"http:\/\/demo.casethemes.net\/contio\/?page_id=409"},"modified":"2022-05-16T15:06:44","modified_gmt":"2022-05-16T15:06:44","slug":"services-v-2","status":"publish","type":"page","link":"http:\/\/varitech-development.com\/fr\/services-v-2","title":{"rendered":"Services v.2"},"content":{"rendered":"<div data-elementor-type=\"wp-page\" data-elementor-id=\"409\" class=\"elementor elementor-409\">\n\t\t\t\t        <section class=\"elementor-section elementor-top-section elementor-element elementor-element-7ba6163c elementor-section-content-middle elementor-section-boxed elementor-section-height-default elementor-section-height-default\" data-id=\"7ba6163c\" data-element_type=\"section\">\n            \n                        <div class=\"elementor-container elementor-column-gap-extended\">\n                            <div class=\"elementor-row\">\n                    <div class=\"elementor-column elementor-col-50 elementor-top-column elementor-element elementor-element-48d67ad8\" data-id=\"48d67ad8\" data-element_type=\"column\">\n            <div class=\"elementor-column-wrap elementor-element-populated\">\n                            <div class=\"elementor-widget-wrap\">\n                \t\t<div class=\"elementor-element elementor-element-4b926a0e elementor-widget elementor-widget-ct_heading\" data-id=\"4b926a0e\" data-element_type=\"widget\" data-widget_type=\"ct_heading.default\">\n\t\t\t\t<div class=\"elementor-widget-container\">\n\t\t\t<div class=\"ct-heading\">\r\n\t\t\t<div class=\"item--sub-title style1 show-line\">Services<\/div>\r\n\t    <h3 class=\"item--title st-default\">\r\n        Vous obtiendrez le meilleur prix de notre soci\u00e9t\u00e9    <\/h3>\r\n<\/div>\t\t<\/div>\n\t\t\t\t<\/div>\n\t\t                <\/div>\n                    <\/div>\n        <\/div>\n                <div class=\"elementor-column elementor-col-50 elementor-top-column elementor-element elementor-element-9e9779e\" data-id=\"9e9779e\" data-element_type=\"column\">\n            <div class=\"elementor-column-wrap elementor-element-populated\">\n                            <div class=\"elementor-widget-wrap\">\n                \t\t<div class=\"elementor-element elementor-element-469701d8 elementor-widget elementor-widget-text-editor\" data-id=\"469701d8\" data-element_type=\"widget\" data-widget_type=\"text-editor.default\">\n\t\t\t\t<div class=\"elementor-widget-container\">\n\t\t\t<style>\/*! elementor - v3.19.0 - 26-02-2024 *\/\n.elementor-widget-text-editor.elementor-drop-cap-view-stacked .elementor-drop-cap{background-color:#69727d;color:#fff}.elementor-widget-text-editor.elementor-drop-cap-view-framed .elementor-drop-cap{color:#69727d;border:3px solid;background-color:transparent}.elementor-widget-text-editor:not(.elementor-drop-cap-view-default) .elementor-drop-cap{margin-top:8px}.elementor-widget-text-editor:not(.elementor-drop-cap-view-default) .elementor-drop-cap-letter{width:1em;height:1em}.elementor-widget-text-editor .elementor-drop-cap{float:left;text-align:center;line-height:1;font-size:50px}.elementor-widget-text-editor .elementor-drop-cap-letter{display:inline-block}<\/style>\t\t\t\t<p><br \/>Cette page ne vous donne qu'un bref aper\u00e7u des services offerts.<\/p>\t\t\t\t\t\t<\/div>\n\t\t\t\t<\/div>\n\t\t                <\/div>\n                    <\/div>\n        <\/div>\n                                <\/div>\n                    <\/div>\n        <\/section>\n                <section class=\"elementor-section elementor-top-section elementor-element elementor-element-92e70ec elementor-section-boxed elementor-section-height-default elementor-section-height-default\" data-id=\"92e70ec\" data-element_type=\"section\">\n            \n                        <div class=\"elementor-container elementor-column-gap-extended\">\n                            <div class=\"elementor-row\">\n                    <div class=\"elementor-column elementor-col-100 elementor-top-column elementor-element elementor-element-34fa71d9\" data-id=\"34fa71d9\" data-element_type=\"column\">\n            <div class=\"elementor-column-wrap elementor-element-populated\">\n                            <div class=\"elementor-widget-wrap\">\n                \t\t<div class=\"elementor-element elementor-element-46432a75 elementor-widget elementor-widget-ct_service_grid\" data-id=\"46432a75\" data-element_type=\"widget\" data-widget_type=\"ct_service_grid.default\">\n\t\t\t\t<div class=\"elementor-widget-container\">\n\t\t\t\r\n<div id=\"ct_service_grid-46432a75\" class=\"ct-grid ct-service-grid2\" data-layout=\"masonry\" data-start-page=\"1\" data-max-pages=\"1\" data-total=\"4\" data-perpage=\"4\" data-next-link=\"\">\r\n    <div class=\"ct-grid-overlay\"><\/div>\r\n    \r\n    <div class=\"ct-grid-inner ct-grid-masonry row animate-time\" data-gutter=\"15\">\r\n                        <div class=\"grid-item col-xl-6 col-lg-6 col-md-6 col-sm-6 col-12\">\r\n                    <div class=\"grid-item-inner wow zoomIn\">\r\n                                                    <div class=\"item--featured bg-image\" style=\"background-image: url(https:\/\/i0.wp.com\/varitech-development.com\/wp-content\/uploads\/2022\/05\/2.jpg?fit=1600%2C1200);\"><a href=\"http:\/\/varitech-development.com\/fr\/service\/desktop-user-management\"><\/a><\/div>\r\n                                                <div class=\"item--holder\">\r\n                            <div class=\"item--holder-inner\">\r\n                                                                    <h3 class=\"item--title\"><a href=\"http:\/\/varitech-development.com\/fr\/service\/desktop-user-management\">Gestion des postes de travail et des utilisateurs<\/a><\/h3>\r\n                                                                                                    <div class=\"item--content\">\r\n                                        Notre \u00e9quipe sp\u00e9cialis\u00e9e vous soulagera de l'importante t\u00e2che de gestion des postes de travail.                                    <\/div>\r\n                                                                                                    <div class=\"item--readmore\">\r\n                                        <a href=\"http:\/\/varitech-development.com\/fr\/service\/desktop-user-management\"><i class=\"fac fac-angle-right\"><\/i><\/a>\r\n                                    <\/div>\r\n                                                                                                    <div class=\"item--icon icon-normal\"><i class=\"fa fa-desktop\"><\/i><\/div>\r\n                                    <div class=\"item--icon icon-gradient\"><i class=\"text-gradient fa fa-desktop\"><\/i><\/div>\r\n                                                            <\/div>\r\n                        <\/div>\r\n                    <\/div>\r\n                <\/div>\r\n                            <div class=\"grid-item col-xl-6 col-lg-6 col-md-6 col-sm-6 col-12\">\r\n                    <div class=\"grid-item-inner wow zoomIn\">\r\n                                                    <div class=\"item--featured bg-image\" style=\"background-image: url(https:\/\/i0.wp.com\/varitech-development.com\/wp-content\/uploads\/2019\/11\/ERP.png?fit=800%2C600);\"><a href=\"http:\/\/varitech-development.com\/fr\/service\/implementation-of-an-erp-solutions\"><\/a><\/div>\r\n                                                <div class=\"item--holder\">\r\n                            <div class=\"item--holder-inner\">\r\n                                                                    <h3 class=\"item--title\"><a href=\"http:\/\/varitech-development.com\/fr\/service\/implementation-of-an-erp-solutions\">Mise en place d'une solution ERP<\/a><\/h3>\r\n                                                                                                    <div class=\"item--content\">\r\n                                        Our application gives you an overview of the goods that are in your warehouse at a given time, estimates the quantity of product that one of your customers needs at\u2026                                    <\/div>\r\n                                                                                                    <div class=\"item--readmore\">\r\n                                        <a href=\"http:\/\/varitech-development.com\/fr\/service\/implementation-of-an-erp-solutions\"><i class=\"fac fac-angle-right\"><\/i><\/a>\r\n                                    <\/div>\r\n                                                                                                    <div class=\"item--icon icon-normal\"><i class=\"fa fa-users\"><\/i><\/div>\r\n                                    <div class=\"item--icon icon-gradient\"><i class=\"text-gradient fa fa-users\"><\/i><\/div>\r\n                                                            <\/div>\r\n                        <\/div>\r\n                    <\/div>\r\n                <\/div>\r\n                            <div class=\"grid-item col-xl-6 col-lg-6 col-md-6 col-sm-6 col-12\">\r\n                    <div class=\"grid-item-inner wow zoomIn\">\r\n                                                    <div class=\"item--featured bg-image\" style=\"background-image: url(https:\/\/i0.wp.com\/varitech-development.com\/wp-content\/uploads\/2019\/11\/web-developer.jpg?fit=1200%2C800);\"><a href=\"http:\/\/varitech-development.com\/fr\/service\/website-development\"><\/a><\/div>\r\n                                                <div class=\"item--holder\">\r\n                            <div class=\"item--holder-inner\">\r\n                                                                    <h3 class=\"item--title\"><a href=\"http:\/\/varitech-development.com\/fr\/service\/website-development\">D\u00e9veloppement de site Web<\/a><\/h3>\r\n                                                                                                    <div class=\"item--content\">\r\n                                        We develop your website - professional and tailored to your needs. And all with responsive design (mobile friendly and search engine optimised). We create and update content and train users\u2026                                    <\/div>\r\n                                                                                                    <div class=\"item--readmore\">\r\n                                        <a href=\"http:\/\/varitech-development.com\/fr\/service\/website-development\"><i class=\"fac fac-angle-right\"><\/i><\/a>\r\n                                    <\/div>\r\n                                                                                                    <div class=\"item--icon icon-normal\"><i class=\"fa fa-globe\"><\/i><\/div>\r\n                                    <div class=\"item--icon icon-gradient\"><i class=\"text-gradient fa fa-globe\"><\/i><\/div>\r\n                                                            <\/div>\r\n                        <\/div>\r\n                    <\/div>\r\n                <\/div>\r\n                            <div class=\"grid-item col-xl-6 col-lg-6 col-md-6 col-sm-6 col-12\">\r\n                    <div class=\"grid-item-inner wow zoomIn\">\r\n                                                    <div class=\"item--featured bg-image\" style=\"background-image: url(https:\/\/i0.wp.com\/varitech-development.com\/wp-content\/uploads\/2019\/11\/DevOps_2.png?fit=1280%2C768);\"><a href=\"http:\/\/varitech-development.com\/fr\/service\/devops-optimised-business-processes\"><\/a><\/div>\r\n                                                <div class=\"item--holder\">\r\n                            <div class=\"item--holder-inner\">\r\n                                                                    <h3 class=\"item--title\"><a href=\"http:\/\/varitech-development.com\/fr\/service\/devops-optimised-business-processes\">DevOps \u2013 Processus m\u00e9tier optimis\u00e9s<\/a><\/h3>\r\n                                                                                                    <div class=\"item--content\">\r\n                                        We adapt DevOps solutions according to your needs. Indeed, companies that can react very quickly to changes have a dazzling competitive advantage. Those that manage to meet new customer needs\u2026                                    <\/div>\r\n                                                                                                    <div class=\"item--readmore\">\r\n                                        <a href=\"http:\/\/varitech-development.com\/fr\/service\/devops-optimised-business-processes\"><i class=\"fac fac-angle-right\"><\/i><\/a>\r\n                                    <\/div>\r\n                                                                                                    <div class=\"item--icon icon-normal\"><i class=\"fa fa-sitemap\"><\/i><\/div>\r\n                                    <div class=\"item--icon icon-gradient\"><i class=\"text-gradient fa fa-sitemap\"><\/i><\/div>\r\n                                                            <\/div>\r\n                        <\/div>\r\n                    <\/div>\r\n                <\/div>\r\n                                <div class=\"grid-sizer col-xl-6 col-lg-6 col-md-6 col-sm-6 col-12\"><\/div>\r\n            <\/div>\r\n        <\/div>\t\t<\/div>\n\t\t\t\t<\/div>\n\t\t                <\/div>\n                    <\/div>\n        <\/div>\n                                <\/div>\n                    <\/div>\n        <\/section>\n        \t\t<\/div>","protected":false},"excerpt":{"rendered":"<p>Services You will get the best pricing from our company This page gives you just a brief overview of the [&hellip;]<\/p>\n","protected":false},"author":1,"featured_media":0,"parent":0,"menu_order":0,"comment_status":"closed","ping_status":"closed","template":"","meta":{"footnotes":""},"class_list":["post-409","page","type-page","status-publish","hentry"],"_links":{"self":[{"href":"http:\/\/varitech-development.com\/fr\/wp-json\/wp\/v2\/pages\/409","targetHints":{"allow":["GET"]}}],"collection":[{"href":"http:\/\/varitech-development.com\/fr\/wp-json\/wp\/v2\/pages"}],"about":[{"href":"http:\/\/varitech-development.com\/fr\/wp-json\/wp\/v2\/types\/page"}],"author":[{"embeddable":true,"href":"http:\/\/varitech-development.com\/fr\/wp-json\/wp\/v2\/users\/1"}],"replies":[{"embeddable":true,"href":"http:\/\/varitech-development.com\/fr\/wp-json\/wp\/v2\/comments?post=409"}],"version-history":[{"count":4,"href":"http:\/\/varitech-development.com\/fr\/wp-json\/wp\/v2\/pages\/409\/revisions"}],"predecessor-version":[{"id":2005,"href":"http:\/\/varitech-development.com\/fr\/wp-json\/wp\/v2\/pages\/409\/revisions\/2005"}],"wp:attachment":[{"href":"http:\/\/varitech-development.com\/fr\/wp-json\/wp\/v2\/media?parent=409"}],"curies":[{"name":"wp","href":"https:\/\/api.w.org\/{rel}","templated":true}]}}